{"id":176,"date":"2016-10-28T16:09:13","date_gmt":"2016-10-28T14:09:13","guid":{"rendered":"http:\/\/grand-gite-drome-vercors.fr\/?page_id=176"},"modified":"2017-08-06T17:16:51","modified_gmt":"2017-08-06T15:16:51","slug":"mentions-legales","status":"publish","type":"page","link":"https:\/\/grand-gite-drome-vercors.fr\/index.php\/mentions-legales\/","title":{"rendered":"Mentions l\u00e9gales"},"content":{"rendered":"<p>[vc_row][vc_column width=&#8221;1\/3&#8243;][vc_cta h2=&#8221;&#8221; txt_align=&#8221;center&#8221; add_button=&#8221;bottom&#8221; btn_title=&#8221;Accueil&#8221; btn_color=&#8221;success&#8221; btn_align=&#8221;center&#8221; btn_custom_onclick=&#8221;true&#8221; btn_link=&#8221;url:http%3A%2F%2Fgrand-gite-drome-vercors.fr%2F|||&#8221;][\/vc_cta][\/vc_column][vc_column width=&#8221;1\/3&#8243;][vc_column_text]<\/p>\n<div class=\"wpb_column vc_column_container vc_col-sm-6\">\n<div class=\"vc_column-inner \">\n<div class=\"wpb_wrapper\">\n<div class=\"wpb_text_column wpb_content_element \">\n<div class=\"wpb_wrapper\">\n<div class=\"art-layout-cell art-content\">\n<article id=\"post-696\" class=\"art-post art-article post-696 page type-page status-publish hentry\">\n<h1 class=\"art-postheader entry-title\">Mentions l\u00e9gales<\/h1>\n<p>&nbsp;<\/p>\n<div class=\"art-postcontent clearfix\">\n<div class=\"vc_row wpb_row vc_row-fluid\">\n<div class=\"wpb_column vc_column_container vc_col-sm-12\">\n<div class=\"vc_column-inner \">\n<div class=\"wpb_wrapper\">\n<div class=\"wpb_text_column wpb_content_element \">\n<div class=\"wpb_wrapper\">\n<h2><strong>\u00c9diteur du site :<\/strong><\/h2>\n<p><strong>S.C.I. Matin d&#8217;\u00e9t\u00e9<br \/>\n<\/strong><\/p>\n<p>Les Planeaux, 26150 Romeyer<\/p>\n<p><img loading=\"lazy\" class=\"alignnone wp-image-54\" src=\"http:\/\/atelier-chaux.fr\/wp-content\/uploads\/2016\/07\/Logo-mail-1-150x150.png\" alt=\"Logo mail\" width=\"20\" height=\"20\" \/>\u00a0\u00a0 <strong><a href=\"mailto:gorlmartine@orange.fr\">gorlmartine@orange.fr<\/a><\/strong><\/p>\n<h2><strong>Concepteur du site :<\/strong><\/h2>\n<p><strong>WinWinWeb \u2013 Olivier Cussac \u2013 <a href=\"https:\/\/winwin-web-creation.fr\/\">winwinweb.fr<\/a><br \/>\n<\/strong><\/p>\n<p>Les Planeaux, 26150 Romeyer<\/p>\n<p><span id=\"cloak83582\"><img loading=\"lazy\" class=\"alignnone wp-image-54\" src=\"http:\/\/atelier-chaux.fr\/wp-content\/uploads\/2016\/07\/Logo-mail-1-150x150.png\" alt=\"Logo mail\" width=\"20\" height=\"20\" \/>\u00a0 <a href=\"mailto:ocussac@free.fr\">ocussac@free.fr<\/a><\/span><\/p>\n<\/div>\n<\/div>\n<\/div>\n<\/div>\n<\/div>\n<\/div>\n<\/div>\n<\/article>\n<\/div>\n<\/div>\n<\/div>\n<\/div>\n<\/div>\n<\/div>\n<p>[\/vc_column_text][\/vc_column][vc_column width=&#8221;1\/3&#8243;][\/vc_column][\/vc_row]<\/p>\n","protected":false},"excerpt":{"rendered":"<p>[vc_row][vc_column width=&#8221;1\/3&#8243;][vc_cta h2=&#8221;&#8221; txt_align=&#8221;center&#8221; add_button=&#8221;bottom&#8221; btn_title=&#8221;Accueil&#8221; btn_color=&#8221;success&#8221; btn_align=&#8221;center&#8221; btn_custom_onclick=&#8221;true&#8221; btn_link=&#8221;url:http%3A%2F%2Fgrand-gite-drome-vercors.fr%2F|||&#8221;][\/vc_cta][\/vc_column][vc_column width=&#8221;1\/3&#8243;][vc_column_text] Mentions l\u00e9gales &nbsp; \u00c9diteur du site : S.C.I. Matin d&#8217;\u00e9t\u00e9 Les Planeaux, 26150 Romeyer \u00a0\u00a0 gorlmartine@orange.fr Concepteur du site : WinWinWeb \u2013 Olivier Cussac \u2013 winwinweb.fr Les Planeaux, 26150 Romeyer \u00a0 ocussac@free.fr [\/vc_column_text][\/vc_column][vc_column width=&#8221;1\/3&#8243;][\/vc_column][\/vc_row]<\/p>\n","protected":false},"author":1,"featured_media":0,"parent":0,"menu_order":0,"comment_status":"closed","ping_status":"closed","template":"","meta":[],"yoast_head":"<!-- This site is optimized with the Yoast SEO plugin v17.3 - https:\/\/yoast.com\/wordpress\/plugins\/seo\/ -->\n<title>Mentions l\u00e9gales - Gite Matin d&#039;\u00e9t\u00e9<\/title>\n<meta name=\"description\" content=\"\u00c9diteur du site : S.C.I. Matin d&#039;\u00e9t\u00e9 Les Planeaux, 26150 Conception : WinWinWeb\" \/>\n<meta name=\"robots\" content=\"index, follow, max-snippet:-1, max-image-preview:large, max-video-preview:-1\" \/>\n<link rel=\"canonical\" href=\"https:\/\/grand-gite-drome-vercors.fr\/index.php\/mentions-legales\/\" \/>\n<meta property=\"og:locale\" content=\"fr_FR\" \/>\n<meta property=\"og:type\" content=\"article\" \/>\n<meta property=\"og:title\" content=\"Mentions l\u00e9gales - Gite Matin d&#039;\u00e9t\u00e9\" \/>\n<meta property=\"og:description\" content=\"\u00c9diteur du site : S.C.I. Matin d&#039;\u00e9t\u00e9 Les Planeaux, 26150 Conception : WinWinWeb\" \/>\n<meta property=\"og:url\" content=\"https:\/\/grand-gite-drome-vercors.fr\/index.php\/mentions-legales\/\" \/>\n<meta property=\"og:site_name\" content=\"Gite Matin d&#039;\u00e9t\u00e9\" \/>\n<meta property=\"article:publisher\" content=\"https:\/\/www.facebook.com\/Les-matins-d%c3%a9t%c3%a9-814244381981792\/\" \/>\n<meta property=\"article:modified_time\" content=\"2017-08-06T15:16:51+00:00\" \/>\n<meta property=\"og:image\" content=\"http:\/\/atelier-chaux.fr\/wp-content\/uploads\/2016\/07\/Logo-mail-1-150x150.png\" \/>\n<meta name=\"twitter:card\" content=\"summary\" \/>\n<script type=\"application\/ld+json\" class=\"yoast-schema-graph\">{\"@context\":\"https:\/\/schema.org\",\"@graph\":[{\"@type\":\"WebSite\",\"@id\":\"https:\/\/grand-gite-drome-vercors.fr\/#website\",\"url\":\"https:\/\/grand-gite-drome-vercors.fr\/\",\"name\":\"Gite Matin d&#039;\\u00e9t\\u00e9\",\"description\":\"Grand g\\u00eete \\u00e0 Romeyer, aux croisement de la vall\\u00e9e de la dr\\u00f4me et du Vercors\",\"potentialAction\":[{\"@type\":\"SearchAction\",\"target\":{\"@type\":\"EntryPoint\",\"urlTemplate\":\"https:\/\/grand-gite-drome-vercors.fr\/?s={search_term_string}\"},\"query-input\":\"required name=search_term_string\"}],\"inLanguage\":\"fr-FR\"},{\"@type\":\"ImageObject\",\"@id\":\"https:\/\/grand-gite-drome-vercors.fr\/index.php\/mentions-legales\/#primaryimage\",\"inLanguage\":\"fr-FR\",\"url\":\"http:\/\/atelier-chaux.fr\/wp-content\/uploads\/2016\/07\/Logo-mail-1-150x150.png\",\"contentUrl\":\"http:\/\/atelier-chaux.fr\/wp-content\/uploads\/2016\/07\/Logo-mail-1-150x150.png\"},{\"@type\":\"WebPage\",\"@id\":\"https:\/\/grand-gite-drome-vercors.fr\/index.php\/mentions-legales\/#webpage\",\"url\":\"https:\/\/grand-gite-drome-vercors.fr\/index.php\/mentions-legales\/\",\"name\":\"Mentions l\\u00e9gales - Gite Matin d&#039;\\u00e9t\\u00e9\",\"isPartOf\":{\"@id\":\"https:\/\/grand-gite-drome-vercors.fr\/#website\"},\"primaryImageOfPage\":{\"@id\":\"https:\/\/grand-gite-drome-vercors.fr\/index.php\/mentions-legales\/#primaryimage\"},\"datePublished\":\"2016-10-28T14:09:13+00:00\",\"dateModified\":\"2017-08-06T15:16:51+00:00\",\"description\":\"\\u00c9diteur du site : S.C.I. Matin d'\\u00e9t\\u00e9 Les Planeaux, 26150 Conception : WinWinWeb\",\"breadcrumb\":{\"@id\":\"https:\/\/grand-gite-drome-vercors.fr\/index.php\/mentions-legales\/#breadcrumb\"},\"inLanguage\":\"fr-FR\",\"potentialAction\":[{\"@type\":\"ReadAction\",\"target\":[\"https:\/\/grand-gite-drome-vercors.fr\/index.php\/mentions-legales\/\"]}]},{\"@type\":\"BreadcrumbList\",\"@id\":\"https:\/\/grand-gite-drome-vercors.fr\/index.php\/mentions-legales\/#breadcrumb\",\"itemListElement\":[{\"@type\":\"ListItem\",\"position\":1,\"name\":\"Accueil\",\"item\":\"https:\/\/grand-gite-drome-vercors.fr\/\"},{\"@type\":\"ListItem\",\"position\":2,\"name\":\"Mentions l\\u00e9gales\"}]}]}<\/script>\n<!-- \/ Yoast SEO plugin. -->","yoast_head_json":{"title":"Mentions l\u00e9gales - Gite Matin d&#039;\u00e9t\u00e9","description":"\u00c9diteur du site : S.C.I. Matin d'\u00e9t\u00e9 Les Planeaux, 26150 Conception : WinWinWeb","robots":{"index":"index","follow":"follow","max-snippet":"max-snippet:-1","max-image-preview":"max-image-preview:large","max-video-preview":"max-video-preview:-1"},"canonical":"https:\/\/grand-gite-drome-vercors.fr\/index.php\/mentions-legales\/","og_locale":"fr_FR","og_type":"article","og_title":"Mentions l\u00e9gales - Gite Matin d&#039;\u00e9t\u00e9","og_description":"\u00c9diteur du site : S.C.I. Matin d'\u00e9t\u00e9 Les Planeaux, 26150 Conception : WinWinWeb","og_url":"https:\/\/grand-gite-drome-vercors.fr\/index.php\/mentions-legales\/","og_site_name":"Gite Matin d&#039;\u00e9t\u00e9","article_publisher":"https:\/\/www.facebook.com\/Les-matins-d%c3%a9t%c3%a9-814244381981792\/","article_modified_time":"2017-08-06T15:16:51+00:00","og_image":[{"url":"http:\/\/atelier-chaux.fr\/wp-content\/uploads\/2016\/07\/Logo-mail-1-150x150.png"}],"twitter_card":"summary","schema":{"@context":"https:\/\/schema.org","@graph":[{"@type":"WebSite","@id":"https:\/\/grand-gite-drome-vercors.fr\/#website","url":"https:\/\/grand-gite-drome-vercors.fr\/","name":"Gite Matin d&#039;\u00e9t\u00e9","description":"Grand g\u00eete \u00e0 Romeyer, aux croisement de la vall\u00e9e de la dr\u00f4me et du Vercors","potentialAction":[{"@type":"SearchAction","target":{"@type":"EntryPoint","urlTemplate":"https:\/\/grand-gite-drome-vercors.fr\/?s={search_term_string}"},"query-input":"required name=search_term_string"}],"inLanguage":"fr-FR"},{"@type":"ImageObject","@id":"https:\/\/grand-gite-drome-vercors.fr\/index.php\/mentions-legales\/#primaryimage","inLanguage":"fr-FR","url":"http:\/\/atelier-chaux.fr\/wp-content\/uploads\/2016\/07\/Logo-mail-1-150x150.png","contentUrl":"http:\/\/atelier-chaux.fr\/wp-content\/uploads\/2016\/07\/Logo-mail-1-150x150.png"},{"@type":"WebPage","@id":"https:\/\/grand-gite-drome-vercors.fr\/index.php\/mentions-legales\/#webpage","url":"https:\/\/grand-gite-drome-vercors.fr\/index.php\/mentions-legales\/","name":"Mentions l\u00e9gales - Gite Matin d&#039;\u00e9t\u00e9","isPartOf":{"@id":"https:\/\/grand-gite-drome-vercors.fr\/#website"},"primaryImageOfPage":{"@id":"https:\/\/grand-gite-drome-vercors.fr\/index.php\/mentions-legales\/#primaryimage"},"datePublished":"2016-10-28T14:09:13+00:00","dateModified":"2017-08-06T15:16:51+00:00","description":"\u00c9diteur du site : S.C.I. Matin d'\u00e9t\u00e9 Les Planeaux, 26150 Conception : WinWinWeb","breadcrumb":{"@id":"https:\/\/grand-gite-drome-vercors.fr\/index.php\/mentions-legales\/#breadcrumb"},"inLanguage":"fr-FR","potentialAction":[{"@type":"ReadAction","target":["https:\/\/grand-gite-drome-vercors.fr\/index.php\/mentions-legales\/"]}]},{"@type":"BreadcrumbList","@id":"https:\/\/grand-gite-drome-vercors.fr\/index.php\/mentions-legales\/#breadcrumb","itemListElement":[{"@type":"ListItem","position":1,"name":"Accueil","item":"https:\/\/grand-gite-drome-vercors.fr\/"},{"@type":"ListItem","position":2,"name":"Mentions l\u00e9gales"}]}]}},"_links":{"self":[{"href":"https:\/\/grand-gite-drome-vercors.fr\/index.php\/wp-json\/wp\/v2\/pages\/176"}],"collection":[{"href":"https:\/\/grand-gite-drome-vercors.fr\/index.php\/wp-json\/wp\/v2\/pages"}],"about":[{"href":"https:\/\/grand-gite-drome-vercors.fr\/index.php\/wp-json\/wp\/v2\/types\/page"}],"author":[{"embeddable":true,"href":"https:\/\/grand-gite-drome-vercors.fr\/index.php\/wp-json\/wp\/v2\/users\/1"}],"replies":[{"embeddable":true,"href":"https:\/\/grand-gite-drome-vercors.fr\/index.php\/wp-json\/wp\/v2\/comments?post=176"}],"version-history":[{"count":6,"href":"https:\/\/grand-gite-drome-vercors.fr\/index.php\/wp-json\/wp\/v2\/pages\/176\/revisions"}],"predecessor-version":[{"id":292,"href":"https:\/\/grand-gite-drome-vercors.fr\/index.php\/wp-json\/wp\/v2\/pages\/176\/revisions\/292"}],"wp:attachment":[{"href":"https:\/\/grand-gite-drome-vercors.fr\/index.php\/wp-json\/wp\/v2\/media?parent=176"}],"curies":[{"name":"wp","href":"https:\/\/api.w.org\/{rel}","templated":true}]}}